{"id":31,"date":"2019-10-29T00:54:17","date_gmt":"2019-10-28T21:54:17","guid":{"rendered":"http:\/\/www.frankofoni.com.tr\/?page_id=31"},"modified":"2020-11-14T14:21:19","modified_gmt":"2020-11-14T11:21:19","slug":"dergi-hakkinda","status":"publish","type":"page","link":"https:\/\/www.frankofoni.com.tr\/tr\/dergi-hakkinda\/","title":{"rendered":"Dergi Hakk\u0131nda"},"content":{"rendered":"<p><strong>Derginin amac\u0131:<\/strong><\/p>\n<p>Frans\u0131z Dili ve Edebiyat\u0131 \u0130nceleme ve Ara\u015ft\u0131rmalar\u0131 Ortak Kitab\u0131 FRANKOFON\u0130\u2019nin amac\u0131 T\u00fcrk edebiyat\u0131, Frans\u0131z edebiyat\u0131, kar\u015f\u0131la\u015ft\u0131rmal\u0131\u00a0edebiyat, dilbilim ve \u00e7eviribilim alanlar\u0131nda T\u00fcrk ve yabanc\u0131 ara\u015ft\u0131rmac\u0131lar\u0131n \u00f6zg\u00fcn incelemelerini yay\u0131mlayarak ulusal ve uluslararas\u0131 planda bilime ve k\u00fclt\u00fcre katk\u0131da bulunmakt\u0131r.<\/p>\n<p><strong>Derginin kapsam\u0131:<\/strong><\/p>\n<p>FRANKOFON\u0130 Ortak Kitab\u0131 1989 y\u0131l\u0131ndan bu yana Frans\u0131z edebiyat\u0131, T\u00fcrk edebiyat\u0131, kar\u015f\u0131la\u015ft\u0131rmal\u0131 edebiyat, dilbilim ve \u00e7eviribilim alanlar\u0131nda ulusal ve uluslararas\u0131 \u00f6zg\u00fcn bilimsel ara\u015ft\u0131rma makalelerine yer vermektedir.<\/p>\n<p>FRANKOFON\u0130 Ortak Kitab\u0131\u2019n\u0131n her say\u0131s\u0131nda \u00f6zel b\u00f6l\u00fcmler de yay\u0131mlanmaktad\u0131r. \u0130lk say\u0131dan itibaren yay\u0131mlanan \u00f6zel b\u00f6l\u00fcmler a\u015fa\u011f\u0131daki gibidir:<\/p>\n<p><em>1789 Frans\u0131z \u0130htilali \u00d6zel Say\u0131s\u0131<\/em><\/p>\n<p><em>Camus O\u0308zel Bo\u0308lu\u0308mu\u0308<\/em><\/p>\n<p><em>\u00c7eviri \u00d6zel B\u00f6l\u00fcm\u00fc (I \/ II \/ III \/ IV)<\/em><\/p>\n<p><em>\u0130leti\u015fim \u00d6zel B\u00f6l\u00fcm\u00fc<\/em><\/p>\n<p><em>Rimbaud \u00d6zel B\u00f6l\u00fcm\u00fc<\/em><\/p>\n<p><em>Cahit K\u00fclebi \u00d6zel B\u00f6l\u00fcm\u00fc<\/em><\/p>\n<p><em>Montaigne \u00d6zel B\u00f6l\u00fcm\u00fc<\/em><\/p>\n<p><em>Nerval \u00d6zel B\u00f6l\u00fcm\u00fc (I \/ II)<\/em><\/p>\n<p><em>Maupassant \u00d6zel B\u00f6l\u00fcm\u00fc<\/em><\/p>\n<p><em>Marguerite Duras \u00d6zel B\u00f6l\u00fcm\u00fc (I \/ II\/ III)<\/em><\/p>\n<p><em>Voltaire \u00d6zel B\u00f6l\u00fcm\u00fc<\/em><\/p>\n<p><em>Bilge Karasu \u00d6zel B\u00f6l\u00fcm\u00fc<\/em><\/p>\n<p><em>Paul Eluard \u00d6zel B\u00f6l\u00fcm\u00fc<\/em><\/p>\n<p><em>Marcel Proust \u00d6zel B\u00f6l\u00fcm\u00fc<\/em><\/p>\n<p><em>Henri Michaux \u00d6zel B\u00f6l\u00fcm\u00fc (I \/ II)<\/em><\/p>\n<p><em>Aloysius Bertrand \u00d6zel B\u00f6l\u00fcm\u00fc<\/em><\/p>\n<p><em>Jacques Pr\u00e9vert \u00d6zel B\u00f6l\u00fcm\u00fc<\/em><\/p>\n<p><em>Louis Aragon \u00d6zel B\u00f6l\u00fcm\u00fc<\/em><\/p>\n<p><em>Victor Hugo \u00d6zel B\u00f6l\u00fcm\u00fc<\/em><\/p>\n<p><em>Uluslararas\u0131 P.E.N Kul\u00fcp \u00d6zel B\u00f6l\u00fcm\u00fc<\/em><\/p>\n<p><em>Jean-Paul Sartre \u00d6zel B\u00f6l\u00fcm\u00fc<\/em><\/p>\n<p><em>Frankofoni \u00d6zel B\u00f6l\u00fcm\u00fc<\/em><\/p>\n<p><em>Nurullah Ata\u00e7 \u00d6zel B\u00f6l\u00fcm\u00fc<\/em><\/p>\n<p><em>Halikarnas Bal\u0131k\u00e7\u0131s\u0131 \u00d6zel B\u00f6l\u00fcm\u00fc<\/em><\/p>\n<p><em>Hale Seval \u00d6zel B\u00f6l\u00fcm\u00fc<\/em><\/p>\n<p><em>Ziya Osman Saba \u00d6zel B\u00f6l\u00fcm\u00fc<\/em><\/p>\n<p><em>Andr\u00e9 Malraux \u00d6zel B\u00f6l\u00fcm\u00fc (I \/ II \/ III)<\/em><\/p>\n<p><em>Metinleraras\u0131l\u0131k \u00d6zel B\u00f6l\u00fcm\u00fc (I \/ II \/ III)<\/em><\/p>\n<p><em>Cahit S\u0131tk\u0131 Taranc\u0131 \u00d6zel B\u00f6l\u00fcm\u00fc<\/em><\/p>\n<p><em>Nedim G\u00fcrsel \u00d6zel B\u00f6l\u00fcm\u00fc<\/em><\/p>\n<p><em>Orhan Veli \u00d6zel B\u00f6l\u00fcm\u00fc<\/em><\/p>\n<p><em>Ahmet Hamdi Tanp\u0131nar \u00d6zel B\u00f6l\u00fcm\u00fc<\/em><\/p>\n<p><em>Amin Maalouf \u00d6zel B\u00f6l\u00fcm\u00fc<\/em><\/p>\n<p><em>Metinleraras\u0131l\u0131k ve Sinema \u00d6zel B\u00f6l\u00fcm\u00fc (I \/ II)<\/em><\/p>\n<p><em>Adalet A\u011fao\u011flu \u00d6zel B\u00f6l\u00fcm\u00fc<\/em><\/p>\n<p><em>Baudelaire \u00d6zel B\u00f6l\u00fcm\u00fc ( I \u2013 XXVI)<\/em><\/p>\n<p>Ayr\u0131ca, her say\u0131da <em>\u00c7e\u015fitli \u0130ncelemeler<\/em> ba\u015fl\u0131\u011f\u0131 alt\u0131nda toplanan ara\u015ft\u0131rma\/inceleme makaleleri yay\u0131mlanmaktad\u0131r.<\/p>\n<p>Uluslararas\u0131 hakemli bir dergi olan FRANKOFON\u0130\u2019ye T\u00fcrk\u00e7e ve Frans\u0131zca olarak haz\u0131rlanan \u00f6zg\u00fcn yaz\u0131lar kabul edilmektedir.<\/p>\n<p>Frankofoni Ortak Kitab\u0131 MLA (Modern Language Association of America) kapsam\u0131ndad\u0131r.<\/p>","protected":false},"excerpt":{"rendered":"<p>Derginin amac\u0131: Frans\u0131z Dili ve Edebiyat\u0131 \u0130nceleme ve Ara\u015ft\u0131rmalar\u0131 Ortak Kitab\u0131 FRANKOFON\u0130\u2019nin amac\u0131 T\u00fcrk edebiyat\u0131, Frans\u0131z edebiyat\u0131, kar\u015f\u0131la\u015ft\u0131rmal\u0131\u00a0edebiyat, dilbilim ve \u00e7eviribilim alanlar\u0131nda T\u00fcrk ve yabanc\u0131 ara\u015ft\u0131rmac\u0131lar\u0131n \u00f6zg\u00fcn incelemelerini yay\u0131mlayarak ulusal ve uluslararas\u0131 planda bilime ve k\u00fclt\u00fcre katk\u0131da bulunmakt\u0131r. Derginin kapsam\u0131: FRANKOFON\u0130 Ortak Kitab\u0131 1989 y\u0131l\u0131ndan bu yana Frans\u0131z edebiyat\u0131, T\u00fcrk edebiyat\u0131, kar\u015f\u0131la\u015ft\u0131rmal\u0131 edebiyat, dilbilim ve&hellip;<\/p>\n","protected":false},"author":1,"featured_media":0,"parent":0,"menu_order":0,"comment_status":"closed","ping_status":"closed","template":"","meta":{"footnotes":""},"class_list":["post-31","page","type-page","status-publish","hentry"],"_links":{"self":[{"href":"https:\/\/www.frankofoni.com.tr\/tr\/wp-json\/wp\/v2\/pages\/31","targetHints":{"allow":["GET"]}}],"collection":[{"href":"https:\/\/www.frankofoni.com.tr\/tr\/wp-json\/wp\/v2\/pages"}],"about":[{"href":"https:\/\/www.frankofoni.com.tr\/tr\/wp-json\/wp\/v2\/types\/page"}],"author":[{"embeddable":true,"href":"https:\/\/www.frankofoni.com.tr\/tr\/wp-json\/wp\/v2\/users\/1"}],"replies":[{"embeddable":true,"href":"https:\/\/www.frankofoni.com.tr\/tr\/wp-json\/wp\/v2\/comments?post=31"}],"version-history":[{"count":3,"href":"https:\/\/www.frankofoni.com.tr\/tr\/wp-json\/wp\/v2\/pages\/31\/revisions"}],"predecessor-version":[{"id":245,"href":"https:\/\/www.frankofoni.com.tr\/tr\/wp-json\/wp\/v2\/pages\/31\/revisions\/245"}],"wp:attachment":[{"href":"https:\/\/www.frankofoni.com.tr\/tr\/wp-json\/wp\/v2\/media?parent=31"}],"curies":[{"name":"wp","href":"https:\/\/api.w.org\/{rel}","templated":true}]}}