{"id":26,"date":"2019-10-29T00:51:19","date_gmt":"2019-10-28T21:51:19","guid":{"rendered":"http:\/\/www.frankofoni.com.tr\/?page_id=26"},"modified":"2025-08-24T01:09:52","modified_gmt":"2025-08-23T22:09:52","slug":"yonetim","status":"publish","type":"page","link":"https:\/\/www.frankofoni.com.tr\/tr\/yonetim\/","title":{"rendered":"Y\u00f6netim"},"content":{"rendered":"<p><\/p>\n<p style=\"text-align: center;\"><strong>Sahibi <\/strong><\/p>\n<p style=\"text-align: center;\">Uluslararas\u0131 Eg\u0306itim O\u0308g\u0306retim Bas\u0131n Yay\u0131n Matbaac\u0131l\u0131k Turizm Tekstil Sanayi ve Ticaret Ltd. S\u0327ti. Ad\u0131na Serhat Kurbani TURAN<\/p>\n<p style=\"text-align: center;\"><strong>Kurucu <\/strong><\/p>\n<p style=\"text-align: center;\">Tug\u0306rul I\u0307NAL<\/p>\n<p style=\"text-align: center;\"><strong>Edito\u0308r <\/strong><\/p>\n<p style=\"text-align: center;\">Tug\u0306rul I\u0307NAL<\/p>\n<p style=\"text-align: center;\"><strong>Editor Yard\u0131mc\u0131s\u0131<\/strong><\/p>\n<p style=\"text-align: center;\">\u00d6zlem KASAP<\/p>\n<p><\/p>","protected":false},"excerpt":{"rendered":"<p>Sahibi Uluslararas\u0131 Eg\u0306itim O\u0308g\u0306retim Bas\u0131n Yay\u0131n Matbaac\u0131l\u0131k Turizm Tekstil Sanayi ve Ticaret Ltd. S\u0327ti. Ad\u0131na Serhat Kurbani TURAN Kurucu Tug\u0306rul I\u0307NAL Edito\u0308r Tug\u0306rul I\u0307NAL Editor Yard\u0131mc\u0131s\u0131 \u00d6zlem KASAP<\/p>\n","protected":false},"author":1,"featured_media":0,"parent":0,"menu_order":0,"comment_status":"closed","ping_status":"closed","template":"","meta":{"footnotes":""},"class_list":["post-26","page","type-page","status-publish","hentry"],"_links":{"self":[{"href":"https:\/\/www.frankofoni.com.tr\/tr\/wp-json\/wp\/v2\/pages\/26","targetHints":{"allow":["GET"]}}],"collection":[{"href":"https:\/\/www.frankofoni.com.tr\/tr\/wp-json\/wp\/v2\/pages"}],"about":[{"href":"https:\/\/www.frankofoni.com.tr\/tr\/wp-json\/wp\/v2\/types\/page"}],"author":[{"embeddable":true,"href":"https:\/\/www.frankofoni.com.tr\/tr\/wp-json\/wp\/v2\/users\/1"}],"replies":[{"embeddable":true,"href":"https:\/\/www.frankofoni.com.tr\/tr\/wp-json\/wp\/v2\/comments?post=26"}],"version-history":[{"count":6,"href":"https:\/\/www.frankofoni.com.tr\/tr\/wp-json\/wp\/v2\/pages\/26\/revisions"}],"predecessor-version":[{"id":524,"href":"https:\/\/www.frankofoni.com.tr\/tr\/wp-json\/wp\/v2\/pages\/26\/revisions\/524"}],"wp:attachment":[{"href":"https:\/\/www.frankofoni.com.tr\/tr\/wp-json\/wp\/v2\/media?parent=26"}],"curies":[{"name":"wp","href":"https:\/\/api.w.org\/{rel}","templated":true}]}}