{"id":142,"date":"2020-04-02T16:44:21","date_gmt":"2020-04-02T13:44:21","guid":{"rendered":"http:\/\/www.frankofoni.com.tr\/?page_id=142"},"modified":"2025-08-24T01:28:20","modified_gmt":"2025-08-23T22:28:20","slug":"yayin-etigi-kurallari","status":"publish","type":"page","link":"https:\/\/www.frankofoni.com.tr\/tr\/yayin-etigi-kurallari\/","title":{"rendered":"Yay\u0131n Eti\u011fi Kurallar\u0131"},"content":{"rendered":"<p><\/p>\n<p style=\"text-align: center;\"><strong>FRANKOFON\u0130 YAYIN ET\u0130\u011e\u0130<\/strong><\/p>\n<p>1989 y\u0131l\u0131ndan bu yana Frans\u0131z edebiyat\u0131, Frans\u0131zca edebiyat, T\u00fcrk edebiyat\u0131, kar\u015f\u0131la\u015ft\u0131rmal\u0131 edebiyat, dilbilim ve \u00e7eviribilim alanlar\u0131nda ulusal ve uluslararas\u0131 \u00f6zg\u00fcn bilimsel ara\u015ft\u0131rma makalelerine yer veren\u00a0<em>Frankofoni Frans\u0131z Dili ve Edebiyat\u0131 \u0130nceleme ve Ara\u015ft\u0131rmalar\u0131 Ortak Kitab\u0131<\/em>\u00a0a\u015fa\u011f\u0131da belirtilen etik ilke ve kurallara ba\u011fl\u0131 olarak yay\u0131mlanan uluslararas\u0131 hakemli bir dergidir.\u00a0<em>Frankofoni<\/em>\u2019ye g\u00f6nderilen makaleler, \u00e7ift k\u00f6rleme s\u00fcreciyle de\u011ferlendirilmekte ve edit\u00f6r ile yay\u0131n kurulu karar\u0131yla yay\u0131mlanmaktad\u0131r. Dergimize g\u00f6nderilen bilimsel yaz\u0131larda,<a href=\"https:\/\/www.icmje.org\/\">\u00a0ICMJE (International Committee of Medical Journal Editors)<\/a>\u00a0tavsiyeleri ile\u00a0<a href=\"https:\/\/publicationethics.org\/\">COPE (Committee on Publication Ethics)<\/a>\u2019un Edit\u00f6r ve Yazarlar i\u00e7in Uluslararas\u0131 Standartlar\u0131 dikkate al\u0131nmaktad\u0131r.<\/p>\n<p><strong><em>Frankofoni<\/em><\/strong><strong>\u2019ye makale g\u00f6nderen yazarlar\u0131n sorumluluklar\u0131:<\/strong><\/p>\n<p>Dergiye g\u00f6nderilen makalelerin, Frans\u0131z edebiyat\u0131, Frans\u0131zca edebiyat, T\u00fcrk edebiyat\u0131, kar\u015f\u0131la\u015ft\u0131rmal\u0131 edebiyat, dilbilim ve \u00e7eviribilim alanlar\u0131nda yap\u0131lm\u0131\u015f ve y\u00f6ntembilimsel niteliklere sahip olmas\u0131 beklenmektedir.<\/p>\n<p>Makalelerde kullan\u0131lan kaynaklar\u0131n MLA referans sistemine uyularak do\u011fru bir \u015fekilde g\u00f6sterilmesi gerekmektedir.<\/p>\n<p>Dergiye g\u00f6nderilen makalelerin, ba\u015fka bir dergide yay\u0131mlanmam\u0131\u015f ya da de\u011ferlendirme s\u00fcrecine al\u0131nmam\u0131\u015f olmas\u0131 gerekmektedir.<\/p>\n<p>Yazarlar, dergiye g\u00f6nderdikleri makalelerin i\u00e7eriklerinden sorumludurlar.<\/p>\n<p><strong>Etik \u0130zinler<\/strong><\/p>\n<p>\u00c7al\u0131\u015fma insan denek kullanmay\u0131 gerektiriyorsa, yazarlar kurumsal etik kurul onay\u0131 almakla y\u00fck\u00fcml\u00fcd\u00fcrler.<\/p>\n<p>Yazarlar, insan deneklerden gerekli izinlerin al\u0131nd\u0131\u011f\u0131n\u0131 ve kat\u0131l\u0131mc\u0131lar\u0131n haklar\u0131n\u0131n g\u00f6zetildi\u011fini a\u00e7\u0131klayan a\u00e7\u0131k bir bildirim sunmal\u0131d\u0131r.<\/p>\n<p>Ba\u015fkalar\u0131na ait \u00f6l\u00e7ek, anket ve foto\u011fraflar\u0131n kullan\u0131m\u0131 i\u00e7in sahiplerinden izin al\u0131nmal\u0131d\u0131r.<\/p>\n<p>Kullan\u0131lan fikir ve sanat eserleri i\u00e7in telif haklar\u0131 d\u00fczenlemelerine uygunlu\u011funun belirtilmesi gerekmektedir.<\/p>\n<p>A\u015fa\u011f\u0131daki durumlar etik kurul izni gerektirmektedir:<\/p>\n<ul>\n<li>Anket, m\u00fclakat, odak grup \u00e7al\u0131\u015fmas\u0131, g\u00f6zlem, deney, g\u00f6r\u00fc\u015fme teknikleri kullan\u0131larak kat\u0131l\u0131mc\u0131lardan veri toplanmas\u0131n\u0131 gerektiren nitel ya da nicel yakla\u015f\u0131mlarla y\u00fcr\u00fct\u00fclen her t\u00fcrl\u00fc ara\u015ft\u0131rmalar,<\/li>\n<li>\u0130nsan ve hayvanlar\u0131n (materyal\/veriler dahil) deneysel ya da di\u011fer bilimsel ama\u00e7larla kullan\u0131lmas\u0131,<\/li>\n<li>\u0130nsanlar \u00fczerinde yap\u0131lan klinik ara\u015ft\u0131rmalar,<\/li>\n<li>Hayvanlar \u00fczerinde yap\u0131lan ara\u015ft\u0131rmalar.<\/li>\n<\/ul>\n<p><strong><em>Frankofoni\u00a0<\/em><\/strong><strong>i\u00e7in makale de\u011ferlendirmesi yapan hakemlerin sorumluluklar\u0131:<\/strong><\/p>\n<p>Dergiye g\u00f6nderilen t\u00fcm makaleler \u00e7ift k\u00f6rleme s\u00fcreci ile de\u011ferlendirilmektedir. Yaz\u0131 sahibi yaz\u0131s\u0131n\u0131 kimin de\u011ferlendirdi\u011fini bilmedi\u011fi gibi, yaz\u0131 sahibinin kimli\u011fi de gizli tutulmaktad\u0131r.<\/p>\n<p>Dergiye g\u00f6nderilen yaz\u0131lar, edit\u00f6r ve yay\u0131n kurulu taraf\u0131ndan de\u011ferlendirildikten sonra uzmanl\u0131klar\u0131na g\u00f6re iki hakeme isimsiz olarak g\u00f6nderilmektedir.<\/p>\n<p>Hakemlerden, kendilerine verilen s\u00fcre i\u00e7erisinde, yans\u0131z ve y\u00f6nlendirici de\u011ferlendirme yapmalar\u0131 ve kendilerine g\u00f6nderilen de\u011ferlendirme formunda kararlar\u0131n\u0131 gerek\u00e7elendirmeleri beklenmektedir. Hakemlerin ayr\u0131ca, makale \u00fczerinde yapt\u0131klar\u0131 d\u00fczeltmeleri, eklemeleri ve yorumlar\u0131, yazara g\u00f6nderilmek \u00fczere edit\u00f6re ula\u015ft\u0131rmalar\u0131 gerekmektedir.<\/p>\n<p><strong>Edit\u00f6r ve yay\u0131n kurulunun sorumluluklar\u0131:<\/strong><\/p>\n<p><em>Frankofoni<\/em>\u2019ye g\u00f6nderilen makaleleri, sadece i\u00e7eriklerini temel alarak adil bir \u015fekilde de\u011ferlendirmeleri gerekmektedir.<\/p>\n<p>Kendilerinden, makaleler ile ilgili bilgileri gizli tutmalar\u0131 beklenmektedir.<\/p>\n<p><strong>Telif Hakk\u0131 ve Eri\u015fim<\/strong><\/p>\n<p>Yazarlar, yay\u0131nlanm\u0131\u015f makalelerin telif haklar\u0131n\u0131\u00a0<em>Frankofoni<\/em>\u2019ye devretti\u011fini kabul eder.<\/p>\n<p><em>Frankofoni<\/em>\u2019ye g\u00f6nderilen makalede yer alan resim, \u015fekil vb. destekleyici unsurlar i\u00e7in gerekli ki\u015fi ya da kurumlardan izin al\u0131nmas\u0131 yazar\u0131n sorumlulu\u011fundad\u0131r.<\/p>\n<p><strong>Frankofoni \u00dccret Politikas\u0131<\/strong><\/p>\n<p>Derginin giderlerini kar\u015f\u0131lamak amac\u0131yla, g\u00f6nderilen makalelerden\u00a0<strong>300 TL<\/strong>\u00fccret talep edilmektedir.<\/p>\n<p>\u00dccret yat\u0131r\u0131ld\u0131ktan sonra makaleler \u00f6ncelikle ama\u00e7, kapsam, alana katk\u0131 vb. a\u00e7\u0131lardan yay\u0131n kurulu taraf\u0131ndan de\u011ferlendirilir ve hakem de\u011ferlendirme s\u00fcrecine al\u0131n\u0131p al\u0131nmayaca\u011f\u0131na karar verilir.<\/p>\n<p>Makalenin s\u00fcrecinin ba\u015flat\u0131labilmesi i\u00e7in dekontu\u00a0<a href=\"mailto:frankofonidergisi@gmail.com\">frankofonidergisi@gmail.com<\/a>\u00a0adresine g\u00f6ndermeniz gerekmektedir.<\/p>\n<p><strong>\u00dccretin Yat\u0131r\u0131laca\u011f\u0131 Hesap Bilgileri:<\/strong><\/p>\n<p>A\u00e7\u0131klama k\u0131sm\u0131na Ad-Soyad \u2013 Frankofoni 2026 yazman\u0131z gerekmektedir<\/p>\n<p><strong>Banka:<\/strong>\u00a0T\u00fcrkiye \u0130\u015f Bankas\u0131 Me\u015frutiyet \u015eubesi<\/p>\n<p><strong>IBAN:<\/strong>\u00a0TR 66000 6400000 142 130 854 807<\/p>\n<p><strong>Al\u0131c\u0131:<\/strong>\u00a0Serhat Kurbani Turan<\/p>\n<p><strong>Makale G\u00f6nderim \u00dccreti:<\/strong>\u00a0300 TL<\/p>\n<p><strong>\u00a0<\/strong><\/p>\n<p><strong>I<\/strong><strong>\u0307<\/strong><strong>ntihal ve Etik D\u0131s<\/strong><strong>\u0327<\/strong><strong>\u0131 Davran\u0131s<\/strong><strong>\u0327<\/strong><strong>lar\u00a0<\/strong><\/p>\n<p><em>Frankofoni<\/em>\u2019ye g\u00f6nderilen tu\u0308m makaleler, 38. Say\u0131dan itibaren iThenticate yaz\u0131l\u0131m program\u0131 ile taranacakt\u0131r. %20\u2019den fazla benzerlik g\u00f6steren makaleler g\u00f6zden ge\u00e7irilmesi i\u00e7in yazara g\u00f6nderilecek, ikinci taramada benzerlik oran\u0131n\u0131n d\u00fc\u015fmemesi halinde, yay\u0131mlanmas\u0131 yay\u0131n kurulu karar\u0131 ile reddedilecektir.<\/p>","protected":false},"excerpt":{"rendered":"<p>FRANKOFON\u0130 YAYIN ET\u0130\u011e\u0130 1989 y\u0131l\u0131ndan bu yana Frans\u0131z edebiyat\u0131, Frans\u0131zca edebiyat, T\u00fcrk edebiyat\u0131, kar\u015f\u0131la\u015ft\u0131rmal\u0131 edebiyat, dilbilim ve \u00e7eviribilim alanlar\u0131nda ulusal ve uluslararas\u0131 \u00f6zg\u00fcn bilimsel ara\u015ft\u0131rma makalelerine yer veren\u00a0Frankofoni Frans\u0131z Dili ve Edebiyat\u0131 \u0130nceleme ve Ara\u015ft\u0131rmalar\u0131 Ortak Kitab\u0131\u00a0a\u015fa\u011f\u0131da belirtilen etik ilke ve kurallara ba\u011fl\u0131 olarak yay\u0131mlanan uluslararas\u0131 hakemli bir dergidir.\u00a0Frankofoni\u2019ye g\u00f6nderilen makaleler, \u00e7ift k\u00f6rleme s\u00fcreciyle de\u011ferlendirilmekte&hellip;<\/p>\n","protected":false},"author":1,"featured_media":0,"parent":0,"menu_order":0,"comment_status":"closed","ping_status":"closed","template":"","meta":{"footnotes":""},"class_list":["post-142","page","type-page","status-publish","hentry"],"_links":{"self":[{"href":"https:\/\/www.frankofoni.com.tr\/tr\/wp-json\/wp\/v2\/pages\/142","targetHints":{"allow":["GET"]}}],"collection":[{"href":"https:\/\/www.frankofoni.com.tr\/tr\/wp-json\/wp\/v2\/pages"}],"about":[{"href":"https:\/\/www.frankofoni.com.tr\/tr\/wp-json\/wp\/v2\/types\/page"}],"author":[{"embeddable":true,"href":"https:\/\/www.frankofoni.com.tr\/tr\/wp-json\/wp\/v2\/users\/1"}],"replies":[{"embeddable":true,"href":"https:\/\/www.frankofoni.com.tr\/tr\/wp-json\/wp\/v2\/comments?post=142"}],"version-history":[{"count":6,"href":"https:\/\/www.frankofoni.com.tr\/tr\/wp-json\/wp\/v2\/pages\/142\/revisions"}],"predecessor-version":[{"id":526,"href":"https:\/\/www.frankofoni.com.tr\/tr\/wp-json\/wp\/v2\/pages\/142\/revisions\/526"}],"wp:attachment":[{"href":"https:\/\/www.frankofoni.com.tr\/tr\/wp-json\/wp\/v2\/media?parent=142"}],"curies":[{"name":"wp","href":"https:\/\/api.w.org\/{rel}","templated":true}]}}