{"id":33,"date":"2019-10-29T00:55:02","date_gmt":"2019-10-28T21:55:02","guid":{"rendered":"http:\/\/www.frankofoni.com.tr\/?page_id=33"},"modified":"2024-03-15T15:43:14","modified_gmt":"2024-03-15T12:43:14","slug":"iletisim","status":"publish","type":"page","link":"https:\/\/www.frankofoni.com.tr\/fr\/iletisim\/","title":{"rendered":"Contact"},"content":{"rendered":"<p><strong>Contact:<\/strong><\/p>\n<p>Konur 2 Sokak 36\/13 K\u0131z\u0131lay &#8211; ANKARA<\/p>\n<p>Tel : 0312 &#8211; 425 39 20<br \/>\nFax: 0312 &#8211; 417 57 23<\/p>\n<p>\u00dcr\u00fcn Yay\u0131nlar\u0131 \/ Uluslararas\u0131 E\u011fitim \u00d6\u011fretim Bas\u0131n Yay\u0131n Matbaac\u0131l\u0131k Turizm Tekstil Sanayi ve Ticaret Ltd. S\u0327ti.<\/p>","protected":false},"excerpt":{"rendered":"<p>Contact: Konur 2 Sokak 36\/13 K\u0131z\u0131lay &#8211; ANKARA Tel : 0312 &#8211; 425 39 20 Fax: 0312 &#8211; 417 57 23 \u00dcr\u00fcn Yay\u0131nlar\u0131 \/ Uluslararas\u0131 E\u011fitim \u00d6\u011fretim Bas\u0131n Yay\u0131n Matbaac\u0131l\u0131k Turizm Tekstil Sanayi ve Ticaret Ltd. S\u0327ti.<\/p>\n","protected":false},"author":1,"featured_media":0,"parent":0,"menu_order":0,"comment_status":"closed","ping_status":"closed","template":"","meta":{"footnotes":""},"class_list":["post-33","page","type-page","status-publish","hentry"],"_links":{"self":[{"href":"https:\/\/www.frankofoni.com.tr\/fr\/wp-json\/wp\/v2\/pages\/33","targetHints":{"allow":["GET"]}}],"collection":[{"href":"https:\/\/www.frankofoni.com.tr\/fr\/wp-json\/wp\/v2\/pages"}],"about":[{"href":"https:\/\/www.frankofoni.com.tr\/fr\/wp-json\/wp\/v2\/types\/page"}],"author":[{"embeddable":true,"href":"https:\/\/www.frankofoni.com.tr\/fr\/wp-json\/wp\/v2\/users\/1"}],"replies":[{"embeddable":true,"href":"https:\/\/www.frankofoni.com.tr\/fr\/wp-json\/wp\/v2\/comments?post=33"}],"version-history":[{"count":7,"href":"https:\/\/www.frankofoni.com.tr\/fr\/wp-json\/wp\/v2\/pages\/33\/revisions"}],"predecessor-version":[{"id":420,"href":"https:\/\/www.frankofoni.com.tr\/fr\/wp-json\/wp\/v2\/pages\/33\/revisions\/420"}],"wp:attachment":[{"href":"https:\/\/www.frankofoni.com.tr\/fr\/wp-json\/wp\/v2\/media?parent=33"}],"curies":[{"name":"wp","href":"https:\/\/api.w.org\/{rel}","templated":true}]}}