{"id":31,"date":"2019-10-29T00:54:17","date_gmt":"2019-10-28T21:54:17","guid":{"rendered":"http:\/\/www.frankofoni.com.tr\/?page_id=31"},"modified":"2020-11-14T14:21:19","modified_gmt":"2020-11-14T11:21:19","slug":"dergi-hakkinda","status":"publish","type":"page","link":"https:\/\/www.frankofoni.com.tr\/en\/dergi-hakkinda\/","title":{"rendered":"About the Journal"},"content":{"rendered":"<p>The purpose of the journal:<\/p>\n<p>The aim of FRANKOFONI, the Joint Book of French Language and Literature Studies and Studies, is to contribute to science and culture at national and international level by publishing original studies of Turkish and foreign researchers in the fields of Turkish literature, French literature, comparative literature, linguistics and translation studies.<\/p>\n<p>The scope of the journal:<\/p>\n<p>FRANKOFON\u0130 Joint Book has been publishing national and international original scientific research articles in the fields of French literature, Turkish literature, comparative literature, linguistics and translation studies since 1989.<\/p>\n<p>Special sections are also published in each issue of the FRANKOFONI Joint Book. Special sections published since the first issue are as follows:<\/p>\n<p>1789 French Revolution Special Issue<\/p>\n<p>Camus Special Episode<\/p>\n<p>Translation Special Section (I \/ II \/ III \/ IV)<\/p>\n<p>Communication Special Section<\/p>\n<p>Rimbaud Special Section<\/p>\n<p>Cahit K\u00fclebi Special Section<\/p>\n<p>Montaigne Special Section<\/p>\n<p>Nerval Special Section (I \/ II)<\/p>\n<p>Maupassant Special Section<\/p>\n<p>Marguerite Duras Special Section (I \/ II \/ III)<\/p>\n<p>Voltaire Special Section<\/p>\n<p>Bilge Karasu Special Section<\/p>\n<p>Paul Eluard Special Section<\/p>\n<p>Marcel Proust Special Section<\/p>\n<p>Henri Michaux Special Section (I \/ II)<\/p>\n<p>Aloysius Bertrand Special Section<\/p>\n<p>Jacques Pr\u00e9vert Special Section<\/p>\n<p>Louis Aragon Special Division<\/p>\n<p>Victor Hugo Special Episode<\/p>\n<p>International P.E.N Club Special Section<\/p>\n<p>Special Section of Jean-Paul Sartre<\/p>\n<p>Francophony Special Section<\/p>\n<p>Nurullah Ata\u00e7 Special Section<\/p>\n<p>Halikarnas Fisherman Special Section<\/p>\n<p>Hale Seval Special Section<\/p>\n<p>Special Section of Ziya Osman Saba<\/p>\n<p>Andr\u00e9 Malraux Special Section (I \/ II \/ III)<\/p>\n<p>Intertextuality Special Section (I \/ II \/ III)<\/p>\n<p>Cahit S\u0131tk\u0131 Taranc\u0131 Special Section<\/p>\n<p>Nedim G\u00fcrsel Special Section<\/p>\n<p>Orhan Veli Special Section<\/p>\n<p>Ahmet Hamdi Tanp\u0131nar Special Section<\/p>\n<p>Amin Maalouf Special Section<\/p>\n<p>Intertextuality and Cinema Special Section (I \/ II)<\/p>\n<p>Adalet A\u011fao\u011flu Special Section<\/p>\n<p>Baudelaire Special Section (I &#8211; XXVI)<\/p>\n<p>In addition, research \/ review articles are published under the heading of Various Reviews in each issue.<\/p>\n<p>Original articles in Turkish and French are accepted for FRANKOFONI, an international refereed journal.<\/p>\n<p>The Francophone Joint Book is under the MLA (Modern Language Association of America).<\/p>","protected":false},"excerpt":{"rendered":"<p>The purpose of the journal: The aim of FRANKOFONI, the Joint Book of French Language and Literature Studies and Studies, is to contribute to science and culture at national and international level by publishing original studies of Turkish and foreign researchers in the fields of Turkish literature, French literature, comparative literature, linguistics and translation studies.&hellip;<\/p>\n","protected":false},"author":1,"featured_media":0,"parent":0,"menu_order":0,"comment_status":"closed","ping_status":"closed","template":"","meta":{"footnotes":""},"class_list":["post-31","page","type-page","status-publish","hentry"],"_links":{"self":[{"href":"https:\/\/www.frankofoni.com.tr\/en\/wp-json\/wp\/v2\/pages\/31","targetHints":{"allow":["GET"]}}],"collection":[{"href":"https:\/\/www.frankofoni.com.tr\/en\/wp-json\/wp\/v2\/pages"}],"about":[{"href":"https:\/\/www.frankofoni.com.tr\/en\/wp-json\/wp\/v2\/types\/page"}],"author":[{"embeddable":true,"href":"https:\/\/www.frankofoni.com.tr\/en\/wp-json\/wp\/v2\/users\/1"}],"replies":[{"embeddable":true,"href":"https:\/\/www.frankofoni.com.tr\/en\/wp-json\/wp\/v2\/comments?post=31"}],"version-history":[{"count":3,"href":"https:\/\/www.frankofoni.com.tr\/en\/wp-json\/wp\/v2\/pages\/31\/revisions"}],"predecessor-version":[{"id":245,"href":"https:\/\/www.frankofoni.com.tr\/en\/wp-json\/wp\/v2\/pages\/31\/revisions\/245"}],"wp:attachment":[{"href":"https:\/\/www.frankofoni.com.tr\/en\/wp-json\/wp\/v2\/media?parent=31"}],"curies":[{"name":"wp","href":"https:\/\/api.w.org\/{rel}","templated":true}]}}